{"id":1464,"date":"2024-05-05T18:24:00","date_gmt":"2024-05-05T22:24:00","guid":{"rendered":"https:\/\/guybelangermortgages.com\/?page_id=1464"},"modified":"2024-05-05T18:24:43","modified_gmt":"2024-05-05T22:24:43","slug":"profil","status":"publish","type":"page","link":"https:\/\/guybelangermortgages.com\/fr\/about\/profil\/","title":{"rendered":"Profil"},"content":{"rendered":"<p>Je m&rsquo;appelle Guy B\u00e9langer et je suis un <strong>professionnel hypoth\u00e9caire agr\u00e9\u00e9 travaillant \u00e0 temps-plein<\/strong> dans la r\u00e9gion de Montr\u00e9al depuis 2015.<\/p>\n<p>Avec plus de 20 ans d\u2019exp\u00e9rience en vente, en service \u00e0 la client\u00e8le et en courtage hypoth\u00e9caire, je connais l\u2019importance d\u2019obtenir d\u2019excellents r\u00e9sultats \u2013 et <strong>la satisfaction du client est toujours ma priorit\u00e9 absolue<\/strong>. En tant qu\u2019investisseur immobilier depuis de nombreuses ann\u00e9es maintenant, ma carri\u00e8re dans le courtage hypoth\u00e9caire me convient parfaitement : j\u2019aime vraiment discuter d\u2019immobilier, de financement, et d\u2019investissement avec mes clients. De plus, ma formation en sciences et en affaires m&rsquo;a aid\u00e9 \u00e0 d\u00e9velopper de solides comp\u00e9tences analytiques et un amour pour le travail avec les chiffres.<\/p>\n<p>Je suis \u00e9galement parfaitement bilingue, ce sera donc un plaisir de vous aider <strong>en anglais ou en fran\u00e7ais<\/strong>.<\/p>\n<p>Que votre besoin hypoth\u00e9caire soit <strong>r\u00e9sidentiel ou commercial<\/strong>, je m&rsquo;engage \u00e0 vous offrir toutes les options hypoth\u00e9caires et les bons conseils financiers pour votre prochain achat, refinancement ou renouvellement.<\/p>\n<p><strong>Contactez-moi<\/strong>, vous ne serez pas d\u00e9\u00e7u !<\/p>\n","protected":false},"excerpt":{"rendered":"<p>Je m&rsquo;appelle Guy B\u00e9langer et je suis un professionnel hypoth\u00e9caire agr\u00e9\u00e9 travaillant \u00e0 temps-plein dans la r\u00e9gion de Montr\u00e9al depuis 2015. Avec plus de 20 ans d\u2019exp\u00e9rience en vente, en service \u00e0 la client\u00e8le et en courtage hypoth\u00e9caire, je connais l\u2019importance d\u2019obtenir d\u2019excellents r\u00e9sultats \u2013 et la satisfaction du client est toujours ma priorit\u00e9 absolue. [&hellip;]<\/p>\n","protected":false},"author":4,"featured_media":0,"parent":626,"menu_order":0,"comment_status":"closed","ping_status":"closed","template":"","meta":[],"yoast_head":"<!-- This site is optimized with the Yoast SEO plugin v17.1 - https:\/\/yoast.com\/wordpress\/plugins\/seo\/ -->\n<meta name=\"robots\" content=\"index, follow, max-snippet:-1, max-image-preview:large, max-video-preview:-1\" \/>\n<link rel=\"canonical\" href=\"https:\/\/guybelangermortgages.com\/fr\/about\/profil\/\" \/>\n<meta property=\"og:locale\" content=\"fr_FR\" \/>\n<meta property=\"og:type\" content=\"article\" \/>\n<meta property=\"og:title\" content=\"Profil - Centres Hypoth\u00e9caires Dominion\" \/>\n<meta property=\"og:description\" content=\"Je m&rsquo;appelle Guy B\u00e9langer et je suis un professionnel hypoth\u00e9caire agr\u00e9\u00e9 travaillant \u00e0 temps-plein dans la r\u00e9gion de Montr\u00e9al depuis 2015. Avec plus de 20 ans d\u2019exp\u00e9rience en vente, en service \u00e0 la client\u00e8le et en courtage hypoth\u00e9caire, je connais l\u2019importance d\u2019obtenir d\u2019excellents r\u00e9sultats \u2013 et la satisfaction du client est toujours ma priorit\u00e9 absolue. [&hellip;]\" \/>\n<meta property=\"og:url\" content=\"https:\/\/guybelangermortgages.com\/fr\/about\/profil\/\" \/>\n<meta property=\"og:site_name\" content=\"Centres Hypoth\u00e9caires Dominion\" \/>\n<meta property=\"article:publisher\" content=\"https:\/\/www.facebook.com\/MontrealMortgageGuy\" \/>\n<meta property=\"article:modified_time\" content=\"2024-05-05T22:24:43+00:00\" \/>\n<meta name=\"twitter:card\" content=\"summary\" \/>\n<meta name=\"twitter:site\" content=\"@MTLMortgageGuy\" \/>\n<meta name=\"twitter:label1\" content=\"Dur\u00e9e de lecture est.\" \/>\n\t<meta name=\"twitter:data1\" content=\"1 minute\" \/>\n<script type=\"application\/ld+json\" class=\"yoast-schema-graph\">{\"@context\":\"https:\/\/schema.org\",\"@graph\":[{\"@type\":\"WebSite\",\"@id\":\"https:\/\/guybelangermortgages.com\/#website\",\"url\":\"https:\/\/guybelangermortgages.com\/\",\"name\":\"Centres Hypoth\\u00e9caires Dominion\",\"description\":\"Just another WordPress site\",\"potentialAction\":[{\"@type\":\"SearchAction\",\"target\":{\"@type\":\"EntryPoint\",\"urlTemplate\":\"https:\/\/guybelangermortgages.com\/?s={search_term_string}\"},\"query-input\":\"required name=search_term_string\"}],\"inLanguage\":\"fr-FR\"},{\"@type\":\"WebPage\",\"@id\":\"https:\/\/guybelangermortgages.com\/fr\/about\/profil\/#webpage\",\"url\":\"https:\/\/guybelangermortgages.com\/fr\/about\/profil\/\",\"name\":\"Profil - Centres Hypoth\\u00e9caires Dominion\",\"isPartOf\":{\"@id\":\"https:\/\/guybelangermortgages.com\/#website\"},\"datePublished\":\"2024-05-05T22:24:00+00:00\",\"dateModified\":\"2024-05-05T22:24:43+00:00\",\"breadcrumb\":{\"@id\":\"https:\/\/guybelangermortgages.com\/fr\/about\/profil\/#breadcrumb\"},\"inLanguage\":\"fr-FR\",\"potentialAction\":[{\"@type\":\"ReadAction\",\"target\":[\"https:\/\/guybelangermortgages.com\/fr\/about\/profil\/\"]}]},{\"@type\":\"BreadcrumbList\",\"@id\":\"https:\/\/guybelangermortgages.com\/fr\/about\/profil\/#breadcrumb\",\"itemListElement\":[{\"@type\":\"ListItem\",\"position\":1,\"name\":\"Home\",\"item\":\"https:\/\/guybelangermortgages.com\/fr\/\"},{\"@type\":\"ListItem\",\"position\":2,\"name\":\"Master About\",\"item\":\"https:\/\/guybelangermortgages.com\/fr\/about\/\"},{\"@type\":\"ListItem\",\"position\":3,\"name\":\"Profil\"}]}]}<\/script>\n<!-- \/ Yoast SEO plugin. -->","yoast_head_json":{"robots":{"index":"index","follow":"follow","max-snippet":"max-snippet:-1","max-image-preview":"max-image-preview:large","max-video-preview":"max-video-preview:-1"},"canonical":"https:\/\/guybelangermortgages.com\/fr\/about\/profil\/","og_locale":"fr_FR","og_type":"article","og_title":"Profil - Centres Hypoth\u00e9caires Dominion","og_description":"Je m&rsquo;appelle Guy B\u00e9langer et je suis un professionnel hypoth\u00e9caire agr\u00e9\u00e9 travaillant \u00e0 temps-plein dans la r\u00e9gion de Montr\u00e9al depuis 2015. Avec plus de 20 ans d\u2019exp\u00e9rience en vente, en service \u00e0 la client\u00e8le et en courtage hypoth\u00e9caire, je connais l\u2019importance d\u2019obtenir d\u2019excellents r\u00e9sultats \u2013 et la satisfaction du client est toujours ma priorit\u00e9 absolue. [&hellip;]","og_url":"https:\/\/guybelangermortgages.com\/fr\/about\/profil\/","og_site_name":"Centres Hypoth\u00e9caires Dominion","article_publisher":"https:\/\/www.facebook.com\/MontrealMortgageGuy","article_modified_time":"2024-05-05T22:24:43+00:00","twitter_card":"summary","twitter_site":"@MTLMortgageGuy","twitter_misc":{"Dur\u00e9e de lecture est.":"1 minute"},"schema":{"@context":"https:\/\/schema.org","@graph":[{"@type":"WebSite","@id":"https:\/\/guybelangermortgages.com\/#website","url":"https:\/\/guybelangermortgages.com\/","name":"Centres Hypoth\u00e9caires Dominion","description":"Just another WordPress site","potentialAction":[{"@type":"SearchAction","target":{"@type":"EntryPoint","urlTemplate":"https:\/\/guybelangermortgages.com\/?s={search_term_string}"},"query-input":"required name=search_term_string"}],"inLanguage":"fr-FR"},{"@type":"WebPage","@id":"https:\/\/guybelangermortgages.com\/fr\/about\/profil\/#webpage","url":"https:\/\/guybelangermortgages.com\/fr\/about\/profil\/","name":"Profil - Centres Hypoth\u00e9caires Dominion","isPartOf":{"@id":"https:\/\/guybelangermortgages.com\/#website"},"datePublished":"2024-05-05T22:24:00+00:00","dateModified":"2024-05-05T22:24:43+00:00","breadcrumb":{"@id":"https:\/\/guybelangermortgages.com\/fr\/about\/profil\/#breadcrumb"},"inLanguage":"fr-FR","potentialAction":[{"@type":"ReadAction","target":["https:\/\/guybelangermortgages.com\/fr\/about\/profil\/"]}]},{"@type":"BreadcrumbList","@id":"https:\/\/guybelangermortgages.com\/fr\/about\/profil\/#breadcrumb","itemListElement":[{"@type":"ListItem","position":1,"name":"Home","item":"https:\/\/guybelangermortgages.com\/fr\/"},{"@type":"ListItem","position":2,"name":"Master About","item":"https:\/\/guybelangermortgages.com\/fr\/about\/"},{"@type":"ListItem","position":3,"name":"Profil"}]}]}},"_links":{"self":[{"href":"https:\/\/guybelangermortgages.com\/fr\/wp-json\/wp\/v2\/pages\/1464"}],"collection":[{"href":"https:\/\/guybelangermortgages.com\/fr\/wp-json\/wp\/v2\/pages"}],"about":[{"href":"https:\/\/guybelangermortgages.com\/fr\/wp-json\/wp\/v2\/types\/page"}],"author":[{"embeddable":true,"href":"https:\/\/guybelangermortgages.com\/fr\/wp-json\/wp\/v2\/users\/4"}],"replies":[{"embeddable":true,"href":"https:\/\/guybelangermortgages.com\/fr\/wp-json\/wp\/v2\/comments?post=1464"}],"version-history":[{"count":1,"href":"https:\/\/guybelangermortgages.com\/fr\/wp-json\/wp\/v2\/pages\/1464\/revisions"}],"predecessor-version":[{"id":1465,"href":"https:\/\/guybelangermortgages.com\/fr\/wp-json\/wp\/v2\/pages\/1464\/revisions\/1465"}],"up":[{"embeddable":true,"href":"https:\/\/guybelangermortgages.com\/fr\/wp-json\/wp\/v2\/pages\/626"}],"wp:attachment":[{"href":"https:\/\/guybelangermortgages.com\/fr\/wp-json\/wp\/v2\/media?parent=1464"}],"curies":[{"name":"wp","href":"https:\/\/api.w.org\/{rel}","templated":true}]}}