{"id":587,"date":"2016-09-12T16:55:39","date_gmt":"2016-09-12T20:55:39","guid":{"rendered":"http:\/\/simon.wps.dev\/fr\/sample-page\/"},"modified":"2024-04-04T19:56:04","modified_gmt":"2024-04-04T23:56:04","slug":"sample-page","status":"publish","type":"page","link":"https:\/\/guybelangermortgages.com\/fr\/","title":{"rendered":"Welcome"},"content":{"rendered":"<div class=\"widget blue full\" id=\"sow-editor\" data-index=\"0\"><div class=\"so-widget-sow-editor so-widget-sow-editor-base\"><h3 class=\"widget-title\">Economisez du temps et de l'argent<\/h3>\n<div class=\"siteorigin-widget-tinymce textwidget\">\n\t<p>Que vous <strong>achetiez<\/strong> une nouvelle maison, <strong>renouveliez<\/strong> votre hypoth\u00e8que ou <strong>refinanciez<\/strong> votre propri\u00e9t\u00e9 pour utiliser l'\u00e9quit\u00e9, mes conseils et mes services d'experts sont toujours <strong>gratuits<\/strong> pour les transactions r\u00e9sidentielles typiques. Un rendez-vous avec moi, c'est comme rencontrer <strong>plus de 20<\/strong> institutions financi\u00e8res.<\/p>\n<p>Je n\u00e9gocie en votre nom les <strong>meilleurs taux d\u2019int\u00e9r\u00eat et conditions<\/strong> hypoth\u00e9caires pour vous faire \u00e9conomiser du temps et de l\u2019argent.<\/p>\n<p>Si vous \u00eates un investisseur immobilier souhaitant <strong>acqu\u00e9rir ou refinancer une propri\u00e9t\u00e9 commerciale<\/strong>, je peux vous aider avec vos besoins hypoth\u00e9caires.<\/p>\n<p>Contactez-moi par t\u00e9l\u00e9phone au <strong>514-892-8304<\/strong>, ou par courriel \u00e0 <a href=\"mailto:guy@MTLmortgageGuy.com\">guy@MTLmortgageGuy.com<\/a>, afin que nous puissions planifier une consultation gratuite et sans engagement - ce sera un plaisir de vous aider !<\/p>\n<p>Sinc\u00e8rement,<\/p>\n<p>Guy<\/p>\n<\/div>\n<\/div><\/div><div class=\"widget blue full\" id=\"request-call\" data-index=\"1\"><div class=\"column\">\n    <h2>Demande de Rappel<\/h2>\n    <h3>Remplissez le questionnaire ci-dessous et un courtier vous <b>appellera selon vos disponibilites.<\/b><\/h3>\n\n    <div class='gf_browser_gecko gform_wrapper' id='gform_wrapper_6062' >\n        <form method='post' enctype='multipart\/form-data' id='gform_6062' action='' data-ajax=\"true\">\n            \n            <input name=\"id_number\" class=\"id_number\" value=\"6062\" type=\"hidden\">\n            \n            <div style=\"display:none\" class=\"validation_error\">There was a problem with your submission. Errors have been highlighted below.<\/div>\n\t\t\t\t    \n            <div class='gform_body'>\n                <ul id='gform_fields_6062' class='gform_fields top_label form_sublabel_below description_below'>\n                    <li id='field_6062_name' class='gfield field_sublabel_below field_description_below'>\n                        <div class='ginput_container'>\n                            <input name='name' id='name_6062' type='text' class='large'  tabindex='1'  placeholder='Pr\u00e9nom' \/>\n                        <\/div>\n                        <div style=\"display:none\" class=\"gfield_description validation_message\"><\/div>\n                    <\/li>\n                    <li id='field_6062_phone' class='gfield field_sublabel_below field_description_below' >\n                        <div class='ginput_container'>\n                            <input name='phone' id='phone_6062' type='text' class='large' tabindex='2'  placeholder='T\u00e9l\u00e9phone' \/>\n                        <\/div>\n                        <div style=\"display:none\" class=\"gfield_description validation_message\"><\/div>\n                    <\/li>\n                    <li id='field_6062_day' class='gfield field_sublabel_below field_description_below' >\n                        <div class='ginput_container'>\n                            <select name='day' id='day_6062'  class='large gfield_select' tabindex='3' >\n                                <option value='' class='gf_placeholder'>Meilleur jour pour l'appel<\/option>\n                                <option value='Saturday'>samedi<\/option>\n                                <option value='Sunday'>dimanche<\/option>\n                                <option value='Monday'>lundi<\/option>\n                                <option value='Tuesday'>mardi<\/option>\n                                <option value='Wednesday'>mercredi<\/option>\n                                <option value='Thursday'>jeudi<\/option>\n                                <option value='Friday'>vendredi<\/option>\n                            <\/select>\n                        <\/div>\n                        <div style=\"display:none\" class=\"gfield_description validation_message\"><\/div>\n                    <\/li>\n                    <li id='field_6062_time' class='gfield field_sublabel_below field_description_below' >\n                        <div class='ginput_container'>\n                            <input name='time' id='time_6062' type='text' class='large'  tabindex='4'  placeholder='Meilleure heure pour l\u2019appel' \/>\n                        <\/div>\n                        <div style=\"display:none\" class=\"gfield_description validation_message\"><\/div>\n                    <\/li>\n                    <li id='field_6062_g-recaptcha-response' class='gfield field_sublabel_below field_description_below'>\n\t\t\t\t\t\t<div class='ginput_container'>\n\t\t\t\t\t\t\t<div class=\"g-recaptcha\" id=\"widget-1-0-0\" style=\"transform:scale(0.6);-webkit-transform:scale(0.6);transform-origin:0 0;-webkit-transform-origin:0 0;\"><\/div>\n\t\t\t\t\t\t<\/div>\n\t\t\t\t\t\t<div style=\"display:none\" class=\"gfield_description validation_message\"><\/div>\n\t\t\t\t\t<\/li>\n                <\/ul>\n            <\/div>\n\n            <div class='gform_footer top_label'>\n                <input type='submit' id='gform_submit_button_6062' class='gform_button button requestacall_submit' value='Rappellez-moi' tabindex='5'>\n            <\/div>\n\t\t\t<div class='loading'><\/div>\n        <\/form>\n    <\/div>\n\t\n\t<div style=\"display:none\" id=\"requestacall_6062_confirmation_message\" class=\"gforms_confirmation_message\">\n\t\t<div class=\"gform_confirmation_wrapper\">\n\t\t\t<div class=\"gform_confirmation_message\">\n\t\t\t\t<p>Merci d\u00e2\u0080\u0099avoir communiqu\u00c3\u00a9 avec nous! Nous communiquerons avec vous sous peu.<\/p>\n\t\t\t<\/div>\n\t\t<\/div>\n\t<\/div>\n\t\n<\/div>\n\n\n\n\n<\/div><div class=\"widget blue full\" id=\"testimonial\" data-index=\"2\">           <div>\n                        <div id=\"custom-sliders\" class=\"owl-carousel testimonials\">\n                                                <div class=\"item\">\n                                <div class=\"content\">\n                                    <p>Thank you very much! It has been a pleasure to work with you. I appreciate all the efforts you have made in my urgent case. Best regards,<\/p>\n<p>E. N. (Boucherville, QC)<\/p>\n                                    <p class=\"author\"><\/p>\n                                <\/div>\n                            <\/div>\n                                                    <div class=\"item\">\n                                <div class=\"content\">\n                                    <p>That is great news regarding our approval Guy. I would like to thank you for all your help and professionalism.<\/p>\n<p>B. M. (Vaudreuil-Dorion, QC)<\/p>\n                                    <p class=\"author\"><\/p>\n                                <\/div>\n                            <\/div>\n                                                    <div class=\"item\">\n                                <div class=\"content\">\n                                    <p>Thanks\u00a0SO\u00a0MUCH!\u00a0All the best,<\/p>\n<p>L. D. (Toronto, ON)<\/p>\n                                    <p class=\"author\"><\/p>\n                                <\/div>\n                            <\/div>\n                                                    <div class=\"item\">\n                                <div class=\"content\">\n                                    <p>Bonsoir\u00a0Guy, Je\u00a0tiens\u00a0\u00e0\u00a0te\u00a0remercier\u00a0pour\u00a0la\u00a0rapidit\u00e9\u00a0du\u00a0traitement\u00a0de\u00a0ma\u00a0demande\u00a0! Merci encore,<\/p>\n<p>S. B. (Lasalle, QC)<\/p>\n                                    <p class=\"author\"><\/p>\n                                <\/div>\n                            <\/div>\n                                                    <div class=\"item\">\n                                <div class=\"content\">\n                                    <p>Hi Guy, Monica and I were very satisfied with your service throughout this whole process. From our first meeting, you were very forthcoming with all information required, and quickly addressing any questions or concerns we had. Your after-sales service is quite remarkable, because even once you had completed your portion of the transaction, and it was in the hands of the notary, you would still follow-up to ensure things were moving forward. It is highly likely we will be doing business with you again in the future when our mortgage comes up for renewal. Thank you very much for everything.<\/p>\n<p>G.P. &amp; M.G. (Beaconsfield, QC)<\/p>\n<p>&nbsp;<\/p>\n                                    <p class=\"author\"><\/p>\n                                <\/div>\n                            <\/div>\n                                <\/div>\n       <\/div>\n            <\/div>","protected":false},"excerpt":{"rendered":"<p>Economisez du temps et de l&rsquo;argent Que vous achetiez une nouvelle maison, renouveliez votre hypoth\u00e8que ou refinanciez votre propri\u00e9t\u00e9 pour utiliser l&rsquo;\u00e9quit\u00e9, mes conseils et mes services d&rsquo;experts sont toujours gratuits pour les transactions r\u00e9sidentielles typiques. Un rendez-vous avec moi, c&rsquo;est comme rencontrer plus de 20 institutions financi\u00e8res. Je n\u00e9gocie en votre nom les meilleurs [&hellip;]<\/p>\n","protected":false},"author":1,"featured_media":0,"parent":0,"menu_order":0,"comment_status":"closed","ping_status":"open","template":"page-templates\/homepage.php","meta":[],"yoast_head":"<!-- This site is optimized with the Yoast SEO plugin v17.1 - https:\/\/yoast.com\/wordpress\/plugins\/seo\/ -->\n<meta name=\"robots\" content=\"index, follow, max-snippet:-1, max-image-preview:large, max-video-preview:-1\" \/>\n<link rel=\"canonical\" href=\"https:\/\/guybelangermortgages.com\/fr\/\" \/>\n<meta property=\"og:locale\" content=\"fr_FR\" \/>\n<meta property=\"og:type\" content=\"article\" \/>\n<meta property=\"og:title\" content=\"Welcome - Centres Hypoth\u00e9caires Dominion\" \/>\n<meta property=\"og:description\" content=\"Economisez du temps et de l&rsquo;argent Que vous achetiez une nouvelle maison, renouveliez votre hypoth\u00e8que ou refinanciez votre propri\u00e9t\u00e9 pour utiliser l&rsquo;\u00e9quit\u00e9, mes conseils et mes services d&rsquo;experts sont toujours gratuits pour les transactions r\u00e9sidentielles typiques. Un rendez-vous avec moi, c&rsquo;est comme rencontrer plus de 20 institutions financi\u00e8res. Je n\u00e9gocie en votre nom les meilleurs [&hellip;]\" \/>\n<meta property=\"og:url\" content=\"https:\/\/guybelangermortgages.com\/fr\/\" \/>\n<meta property=\"og:site_name\" content=\"Centres Hypoth\u00e9caires Dominion\" \/>\n<meta property=\"article:publisher\" content=\"https:\/\/www.facebook.com\/MontrealMortgageGuy\" \/>\n<meta property=\"article:modified_time\" content=\"2024-04-04T23:56:04+00:00\" \/>\n<meta name=\"twitter:card\" content=\"summary\" \/>\n<meta name=\"twitter:site\" content=\"@MTLMortgageGuy\" \/>\n<meta name=\"twitter:label1\" content=\"Dur\u00e9e de lecture est.\" \/>\n\t<meta name=\"twitter:data1\" content=\"2 minutes\" \/>\n<script type=\"application\/ld+json\" class=\"yoast-schema-graph\">{\"@context\":\"https:\/\/schema.org\",\"@graph\":[{\"@type\":\"WebSite\",\"@id\":\"https:\/\/guybelangermortgages.com\/#website\",\"url\":\"https:\/\/guybelangermortgages.com\/\",\"name\":\"Centres Hypoth\\u00e9caires Dominion\",\"description\":\"Just another WordPress site\",\"potentialAction\":[{\"@type\":\"SearchAction\",\"target\":{\"@type\":\"EntryPoint\",\"urlTemplate\":\"https:\/\/guybelangermortgages.com\/?s={search_term_string}\"},\"query-input\":\"required name=search_term_string\"}],\"inLanguage\":\"fr-FR\"},{\"@type\":\"WebPage\",\"@id\":\"https:\/\/guybelangermortgages.com\/fr\/#webpage\",\"url\":\"https:\/\/guybelangermortgages.com\/fr\/\",\"name\":\"Welcome - Centres Hypoth\\u00e9caires Dominion\",\"isPartOf\":{\"@id\":\"https:\/\/guybelangermortgages.com\/#website\"},\"datePublished\":\"2016-09-12T20:55:39+00:00\",\"dateModified\":\"2024-04-04T23:56:04+00:00\",\"breadcrumb\":{\"@id\":\"https:\/\/guybelangermortgages.com\/fr\/#breadcrumb\"},\"inLanguage\":\"fr-FR\",\"potentialAction\":[{\"@type\":\"ReadAction\",\"target\":[\"https:\/\/guybelangermortgages.com\/fr\/\"]}]},{\"@type\":\"BreadcrumbList\",\"@id\":\"https:\/\/guybelangermortgages.com\/fr\/#breadcrumb\",\"itemListElement\":[{\"@type\":\"ListItem\",\"position\":1,\"name\":\"Home\",\"item\":\"https:\/\/guybelangermortgages.com\/fr\/\"},{\"@type\":\"ListItem\",\"position\":2,\"name\":\"Welcome\"}]}]}<\/script>\n<!-- \/ Yoast SEO plugin. -->","yoast_head_json":{"robots":{"index":"index","follow":"follow","max-snippet":"max-snippet:-1","max-image-preview":"max-image-preview:large","max-video-preview":"max-video-preview:-1"},"canonical":"https:\/\/guybelangermortgages.com\/fr\/","og_locale":"fr_FR","og_type":"article","og_title":"Welcome - Centres Hypoth\u00e9caires Dominion","og_description":"Economisez du temps et de l&rsquo;argent Que vous achetiez une nouvelle maison, renouveliez votre hypoth\u00e8que ou refinanciez votre propri\u00e9t\u00e9 pour utiliser l&rsquo;\u00e9quit\u00e9, mes conseils et mes services d&rsquo;experts sont toujours gratuits pour les transactions r\u00e9sidentielles typiques. Un rendez-vous avec moi, c&rsquo;est comme rencontrer plus de 20 institutions financi\u00e8res. Je n\u00e9gocie en votre nom les meilleurs [&hellip;]","og_url":"https:\/\/guybelangermortgages.com\/fr\/","og_site_name":"Centres Hypoth\u00e9caires Dominion","article_publisher":"https:\/\/www.facebook.com\/MontrealMortgageGuy","article_modified_time":"2024-04-04T23:56:04+00:00","twitter_card":"summary","twitter_site":"@MTLMortgageGuy","twitter_misc":{"Dur\u00e9e de lecture est.":"2 minutes"},"schema":{"@context":"https:\/\/schema.org","@graph":[{"@type":"WebSite","@id":"https:\/\/guybelangermortgages.com\/#website","url":"https:\/\/guybelangermortgages.com\/","name":"Centres Hypoth\u00e9caires Dominion","description":"Just another WordPress site","potentialAction":[{"@type":"SearchAction","target":{"@type":"EntryPoint","urlTemplate":"https:\/\/guybelangermortgages.com\/?s={search_term_string}"},"query-input":"required name=search_term_string"}],"inLanguage":"fr-FR"},{"@type":"WebPage","@id":"https:\/\/guybelangermortgages.com\/fr\/#webpage","url":"https:\/\/guybelangermortgages.com\/fr\/","name":"Welcome - Centres Hypoth\u00e9caires Dominion","isPartOf":{"@id":"https:\/\/guybelangermortgages.com\/#website"},"datePublished":"2016-09-12T20:55:39+00:00","dateModified":"2024-04-04T23:56:04+00:00","breadcrumb":{"@id":"https:\/\/guybelangermortgages.com\/fr\/#breadcrumb"},"inLanguage":"fr-FR","potentialAction":[{"@type":"ReadAction","target":["https:\/\/guybelangermortgages.com\/fr\/"]}]},{"@type":"BreadcrumbList","@id":"https:\/\/guybelangermortgages.com\/fr\/#breadcrumb","itemListElement":[{"@type":"ListItem","position":1,"name":"Home","item":"https:\/\/guybelangermortgages.com\/fr\/"},{"@type":"ListItem","position":2,"name":"Welcome"}]}]}},"_links":{"self":[{"href":"https:\/\/guybelangermortgages.com\/fr\/wp-json\/wp\/v2\/pages\/587"}],"collection":[{"href":"https:\/\/guybelangermortgages.com\/fr\/wp-json\/wp\/v2\/pages"}],"about":[{"href":"https:\/\/guybelangermortgages.com\/fr\/wp-json\/wp\/v2\/types\/page"}],"author":[{"embeddable":true,"href":"https:\/\/guybelangermortgages.com\/fr\/wp-json\/wp\/v2\/users\/1"}],"replies":[{"embeddable":true,"href":"https:\/\/guybelangermortgages.com\/fr\/wp-json\/wp\/v2\/comments?post=587"}],"version-history":[{"count":30,"href":"https:\/\/guybelangermortgages.com\/fr\/wp-json\/wp\/v2\/pages\/587\/revisions"}],"predecessor-version":[{"id":1459,"href":"https:\/\/guybelangermortgages.com\/fr\/wp-json\/wp\/v2\/pages\/587\/revisions\/1459"}],"wp:attachment":[{"href":"https:\/\/guybelangermortgages.com\/fr\/wp-json\/wp\/v2\/media?parent=587"}],"curies":[{"name":"wp","href":"https:\/\/api.w.org\/{rel}","templated":true}]}}